{"id":12586,"date":"2024-09-17T18:57:48","date_gmt":"2024-09-17T18:57:48","guid":{"rendered":"https:\/\/barchiquita.com\/linktree-2\/"},"modified":"2025-04-09T16:02:18","modified_gmt":"2025-04-09T16:02:18","slug":"linktree-5","status":"publish","type":"page","link":"https:\/\/www.barchiquita.com\/en\/linktree-5\/","title":{"rendered":"Linktree"},"content":{"rendered":"<p><img decoding=\"async\" src=\"https:\/\/pruebaweb.co\/wp-content\/uploads\/elementor\/thumbs\/Medellin-qu92z4w82ypg9edv2oi9fa4j7ynjw65np5ffmtrx0o.png\" title=\"Medellin\" alt=\"Medellin\" loading=\"lazy\" \/>\t\t\t\t\t\t\t\t\t\t\t\t\t<\/p>\n<h5>@barchiquitamedellin<\/br><br \/>\n@barchiquitabogota<\/h5>\n<p>\ud83c\udf08\u00a1Diferente, diverso y divertido!<\/p>\n<p>\t\t\t<a href=\"https:\/\/api.whatsapp.com\/send\/?phone=%2B573144692632&#038;text&#038;type=phone_number&#038;app_absent=0\"><br \/>\n\t\t\t\t\t\t\t\t\tReservas Medell\u00edn<br \/>\n\t\t\t\t\t<\/a><br \/>\n\t\t\t<a href=\"https:\/\/api.whatsapp.com\/send\/?phone=573143993726&#038;text&#038;type=phone_number&#038;app_absent=0\"><br \/>\n\t\t\t\t\t\t\t\t\tReservas Bogot\u00e1<br \/>\n\t\t\t\t\t<\/a><br \/>\n\t\t\t<a href=\"https:\/\/barchiquita.com\/cartamedellin.pdf\"><br \/>\n\t\t\t\t\t\t\t\t\tCarta Medell\u00edn<br \/>\n\t\t\t\t\t<\/a><br \/>\n\t\t\t<a href=\"https:\/\/barchiquita.com\/Carta_bogota.pdf\"><br \/>\n\t\t\t\t\t\t\t\t\tCarta Bogot\u00e1<br \/>\n\t\t\t\t\t<\/a><br \/>\n\t\t\t<a href=\"https:\/\/maps.app.goo.gl\/ZXWAiKMjvKaffw2P9\"><br \/>\n\t\t\t\t\t\t\t\t\tUbicaci\u00f3n Medell\u00edn<br \/>\n\t\t\t\t\t<\/a><br \/>\n\t\t\t<a href=\"https:\/\/maps.app.goo.gl\/D8oNYzH9CHnvT4gZA\"><br \/>\n\t\t\t\t\t\t\t\t\tUbicaci\u00f3n Bogot\u00e1<br \/>\n\t\t\t\t\t<\/a><\/p>\n","protected":false},"excerpt":{"rendered":"<p>@barchiquitamedellin @barchiquitabogota \ud83c\udf08\u00a1Diferente, diverso y divertido! Reservas Medell\u00edn Reservas Bogot\u00e1 Carta Medell\u00edn Carta Bogot\u00e1 Ubicaci\u00f3n Medell\u00edn Ubicaci\u00f3n Bogot\u00e1<\/p>\n","protected":false},"author":3,"featured_media":0,"parent":0,"menu_order":0,"comment_status":"closed","ping_status":"closed","template":"elementor_header_footer","meta":{"footnotes":""},"class_list":["post-12586","page","type-page","status-publish","hentry"],"aioseo_notices":[],"_links":{"self":[{"href":"https:\/\/www.barchiquita.com\/en\/wp-json\/wp\/v2\/pages\/12586","targetHints":{"allow":["GET"]}}],"collection":[{"href":"https:\/\/www.barchiquita.com\/en\/wp-json\/wp\/v2\/pages"}],"about":[{"href":"https:\/\/www.barchiquita.com\/en\/wp-json\/wp\/v2\/types\/page"}],"author":[{"embeddable":true,"href":"https:\/\/www.barchiquita.com\/en\/wp-json\/wp\/v2\/users\/3"}],"replies":[{"embeddable":true,"href":"https:\/\/www.barchiquita.com\/en\/wp-json\/wp\/v2\/comments?post=12586"}],"version-history":[{"count":0,"href":"https:\/\/www.barchiquita.com\/en\/wp-json\/wp\/v2\/pages\/12586\/revisions"}],"wp:attachment":[{"href":"https:\/\/www.barchiquita.com\/en\/wp-json\/wp\/v2\/media?parent=12586"}],"curies":[{"name":"wp","href":"https:\/\/api.w.org\/{rel}","templated":true}]}}