{"id":12054,"date":"2024-09-12T20:04:50","date_gmt":"2024-09-12T20:04:50","guid":{"rendered":"https:\/\/barchiquita.com\/servicios-bar-chiquita\/"},"modified":"2026-03-25T20:33:56","modified_gmt":"2026-03-25T20:33:56","slug":"servicios-bar-chiquita","status":"publish","type":"page","link":"https:\/\/www.barchiquita.com\/en\/servicios-bar-chiquita\/","title":{"rendered":"Servicios"},"content":{"rendered":"\t\t<div data-elementor-type=\"wp-page\" data-elementor-id=\"12054\" class=\"elementor elementor-12054 elementor-8923\" data-elementor-post-type=\"page\">\n\t\t\t\t<div class=\"elementor-element elementor-element-71e03a8 e-con-full e-flex e-con e-parent\" data-id=\"71e03a8\" data-element_type=\"container\" data-settings=\"{&quot;background_background&quot;:&quot;classic&quot;}\">\n\t\t<div class=\"elementor-element elementor-element-5d10232 e-flex e-con-boxed e-con e-child\" data-id=\"5d10232\" data-element_type=\"container\">\n\t\t\t\t\t<div class=\"e-con-inner\">\n\t\t<div class=\"elementor-element elementor-element-8e40d4e e-con-full e-flex e-con e-child\" data-id=\"8e40d4e\" data-element_type=\"container\">\n\t\t\t\t<div class=\"elementor-element elementor-element-6e4e9b9 elementor-widget elementor-widget-heading\" data-id=\"6e4e9b9\" data-element_type=\"widget\" data-widget_type=\"heading.default\">\n\t\t\t\t\t<h1 class=\"elementor-heading-title elementor-size-default\"><span class=\"text-servicios\">SERVICES<\/span><\/h1>\t\t\t\t<\/div>\n\t\t\t\t<\/div>\n\t\t<div class=\"elementor-element elementor-element-c91d483 e-con-full e-flex e-con e-child\" data-id=\"c91d483\" data-element_type=\"container\">\n\t\t\t\t<\/div>\n\t\t\t\t\t<\/div>\n\t\t\t\t<\/div>\n\t\t\t\t<\/div>\n\t\t<div class=\"elementor-element elementor-element-bd02ef3 e-con-full elementor-hidden-mobile e-flex e-con e-parent\" data-id=\"bd02ef3\" data-element_type=\"container\">\n\t\t\t\t<div class=\"elementor-element elementor-element-12633e0 elementor--v-position-bottom elementor--h-position-center elementor-pagination-position-inside elementor-widget elementor-widget-slides\" data-id=\"12633e0\" data-element_type=\"widget\" data-settings=\"{&quot;autoplay_speed&quot;:650000000,&quot;navigation&quot;:&quot;dots&quot;,&quot;autoplay&quot;:&quot;yes&quot;,&quot;pause_on_hover&quot;:&quot;yes&quot;,&quot;pause_on_interaction&quot;:&quot;yes&quot;,&quot;infinite&quot;:&quot;yes&quot;,&quot;transition&quot;:&quot;slide&quot;,&quot;transition_speed&quot;:500}\" data-widget_type=\"slides.default\">\n\t\t\t\t\t\t\t\t\t\t<div class=\"elementor-slides-wrapper elementor-main-swiper swiper\" role=\"region\" aria-roledescription=\"carousel\" aria-label=\"Slides\" dir=\"ltr\" data-animation=\"fadeInDown\">\n\t\t\t\t<div class=\"swiper-wrapper elementor-slides\">\n\t\t\t\t\t\t\t\t\t\t<div class=\"elementor-repeater-item-4afa682 swiper-slide\" role=\"group\" aria-roledescription=\"slide\"><div class=\"swiper-slide-bg\" role=\"img\" aria-label=\"COCTELERIA\"><\/div><div class=\"swiper-slide-inner\" ><div class=\"swiper-slide-contents\"><h2 class=\"elementor-slide-heading\"><span class=\"blur\">COCKTAIL BAR<\/span><\/h2><p class=\"elementor-slide-description\"><span class=\"text-blur\">So you can taste it, baby <br>Try us!<\/span><\/p><\/div><\/div><\/div><div class=\"elementor-repeater-item-06eb02d swiper-slide\" role=\"group\" aria-roledescription=\"slide\"><div class=\"swiper-slide-bg\" role=\"img\" aria-label=\"ALQUILER DE ESPACIOS\"><\/div><div class=\"swiper-slide-inner\" ><div class=\"swiper-slide-contents\"><h2 class=\"elementor-slide-heading\"><span class=\"blur\">SPACE RENTAL<span><\/h2><p class=\"elementor-slide-description\"><span class=\"text-more-blur text-container\">Baby, our spaces are full of color and sparkle.<br> Chiquita gives you a different, diverse, and fun touch.<\/span><\/p><\/div><\/div><\/div><div class=\"elementor-repeater-item-0903822 swiper-slide\" role=\"group\" aria-roledescription=\"slide\"><div class=\"swiper-slide-bg\" role=\"img\" aria-label=\"ALQUILER DE ESPACIOS copia 3\"><\/div><div class=\"swiper-slide-inner\" ><div class=\"swiper-slide-contents\"><h2 class=\"elementor-slide-heading\"><span class=\"blur text-ajuste\">EVENT AND SHOW PRODUCTION<\/span><\/h2><p class=\"elementor-slide-description\"><span class=\"text-blur\">Organization of events and shows, from logistics to execution, with a creative and detailed approach for a<br>unique experience for attendees<\/p><\/div><\/div><\/div><div class=\"elementor-repeater-item-c8106ed swiper-slide\" role=\"group\" aria-roledescription=\"slide\"><div class=\"swiper-slide-bg\" role=\"img\" aria-label=\"ALQUILER DE ESPACIOS copia\"><\/div><div class=\"swiper-slide-inner\" ><div class=\"swiper-slide-contents\"><h2 class=\"elementor-slide-heading\"><span class=\"blur text-ajuste\">PRODUCTION OF SPACES AND EXPERIENCES<\/span><\/h2><p class=\"elementor-slide-description\">Design and creation of unique themed environments,<br> designed to generate intense and memorable emotions,<br>in accordance with the identity of the brand or event.<\/p><\/div><\/div><\/div>\t\t\t\t<\/div>\n\t\t\t\t\t\t\t\t\t\t\t\t\t\t\t\t\t\t\t\t<div class=\"swiper-pagination\"><\/div>\n\t\t\t\t\t\t\t\t\t\t\t\t<\/div>\n\t\t\t\t\t\t\t\t<\/div>\n\t\t\t\t<\/div>\n\t\t<div class=\"elementor-element elementor-element-73262e4 e-con-full elementor-hidden-desktop elementor-hidden-tablet e-flex e-con e-parent\" data-id=\"73262e4\" data-element_type=\"container\">\n\t\t\t\t<div class=\"elementor-element elementor-element-5c76e8a elementor--v-position-bottom elementor--h-position-center elementor-pagination-position-inside elementor-widget elementor-widget-slides\" data-id=\"5c76e8a\" data-element_type=\"widget\" id=\"1\" data-settings=\"{&quot;navigation&quot;:&quot;dots&quot;,&quot;autoplay&quot;:&quot;yes&quot;,&quot;pause_on_hover&quot;:&quot;yes&quot;,&quot;pause_on_interaction&quot;:&quot;yes&quot;,&quot;autoplay_speed&quot;:5000,&quot;infinite&quot;:&quot;yes&quot;,&quot;transition&quot;:&quot;slide&quot;,&quot;transition_speed&quot;:500}\" data-widget_type=\"slides.default\">\n\t\t\t\t\t\t\t\t\t\t<div class=\"elementor-slides-wrapper elementor-main-swiper swiper\" role=\"region\" aria-roledescription=\"carousel\" aria-label=\"Slides\" dir=\"ltr\" data-animation=\"fadeInUp\">\n\t\t\t\t<div class=\"swiper-wrapper elementor-slides\">\n\t\t\t\t\t\t\t\t\t\t<div class=\"elementor-repeater-item-daaf0ff swiper-slide\" role=\"group\" aria-roledescription=\"slide\"><div class=\"swiper-slide-bg\" role=\"img\" aria-label=\"COCTELERIA\"><\/div><div class=\"swiper-slide-inner\" ><div class=\"swiper-slide-contents\"><div class=\"elementor-slide-heading\"><span class=\"blur\">COCTELER\u00cdA<\/span><\/div><div class=\"elementor-slide-description\"><span class=\"text-blur\">Pa' que deguste el paladar, beb\u00e9<br>\n\u00a1Pru\u00e9banos!<\/span><\/div><\/div><\/div><\/div><div class=\"elementor-repeater-item-2b70d03 swiper-slide\" role=\"group\" aria-roledescription=\"slide\"><div class=\"swiper-slide-bg\" role=\"img\" aria-label=\"ALQUILER DE ESPACIOS\"><\/div><div class=\"swiper-slide-inner\" ><div class=\"swiper-slide-contents\"><div class=\"elementor-slide-heading\"><span class=\"blur\">ALQUILER DE ESPACIOS<\/span><\/div><div class=\"elementor-slide-description\"><span class=\"text-more-blur\">Beb\u00e9, nuestros espacios son de puro color y<br>brillitos. Chiquita te da un toque<br>diferente, diverso y divertido.<\/span>\n<\/div><\/div><\/div><\/div><div class=\"elementor-repeater-item-648542d swiper-slide\" role=\"group\" aria-roledescription=\"slide\"><div class=\"swiper-slide-bg\" role=\"img\" aria-label=\"ALQUILER DE ESPACIOS copia 3\"><\/div><div class=\"swiper-slide-inner\" ><div class=\"swiper-slide-contents\"><div class=\"elementor-slide-heading\"><span class=\"blur text-mobile\">PRODUCCI\u00d3N DE EVENTOS Y ESPECT\u00c1CULOS<\/span><\/div><div class=\"elementor-slide-description\"><span class=\"text-blur\">Organizaci\u00f3n de eventos y shows, desde la log\u00edstica<br>hasta la ejecuci\u00f3n, con un enfoque creativo y<br>detallado para una experiencia<br>\u00fanica para los asistentes.<\/span><\/div><\/div><\/div><\/div><div class=\"elementor-repeater-item-ba54352 swiper-slide\" role=\"group\" aria-roledescription=\"slide\"><div class=\"swiper-slide-bg\" role=\"img\" aria-label=\"ALQUILER DE ESPACIOS copia\"><\/div><div class=\"swiper-slide-inner\" ><div class=\"swiper-slide-contents\"><div class=\"elementor-slide-heading\"><span class=\"blur text-mobile\">PRODUCCI\u00d3N DE ESPACIOS Y EXPERIENCIAS<\/span><\/div><div class=\"elementor-slide-description\">Dise\u00f1o y creaci\u00f3n de ambientes tem\u00e1ticos \u00fanicos,<br>pensados para generar emociones intensas y <br>memorables, acorde con la identidad de\nla<BR> marca o evento.<\/div><\/div><\/div><\/div>\t\t\t\t<\/div>\n\t\t\t\t\t\t\t\t\t\t\t\t\t\t\t\t\t\t\t\t<div class=\"swiper-pagination\"><\/div>\n\t\t\t\t\t\t\t\t\t\t\t\t<\/div>\n\t\t\t\t\t\t\t\t<\/div>\n\t\t\t\t<\/div>\n\t\t<div class=\"elementor-element elementor-element-12d53a5 e-con-full e-flex e-con e-parent\" data-id=\"12d53a5\" data-element_type=\"container\" data-settings=\"{&quot;background_background&quot;:&quot;classic&quot;}\">\n\t\t<div class=\"elementor-element elementor-element-40e63b6 e-flex e-con-boxed e-con e-child\" data-id=\"40e63b6\" data-element_type=\"container\">\n\t\t\t\t\t<div class=\"e-con-inner\">\n\t\t<div class=\"elementor-element elementor-element-09e6f5a e-con-full e-flex e-con e-child\" data-id=\"09e6f5a\" data-element_type=\"container\">\n\t\t\t\t<div class=\"elementor-element elementor-element-e3b41c1 elementor-widget elementor-widget-heading\" data-id=\"e3b41c1\" data-element_type=\"widget\" data-widget_type=\"heading.default\">\n\t\t\t\t\t<h2 class=\"elementor-heading-title elementor-size-default\"><span class=\"text-experiencias\">EXPERIENCES<\/span><\/h2>\t\t\t\t<\/div>\n\t\t\t\t<\/div>\n\t\t<div class=\"elementor-element elementor-element-61e47c5 e-con-full e-flex e-con e-child\" data-id=\"61e47c5\" data-element_type=\"container\">\n\t\t\t\t<\/div>\n\t\t\t\t\t<\/div>\n\t\t\t\t<\/div>\n\t\t\t\t<\/div>\n\t\t<div class=\"elementor-element elementor-element-df56a22 e-con-full elementor-hidden-tablet elementor-hidden-mobile e-flex e-con e-parent\" data-id=\"df56a22\" data-element_type=\"container\">\n\t\t\t\t<div class=\"elementor-element elementor-element-b874636 elementor--v-position-bottom elementor--h-position-center elementor-pagination-position-inside elementor-widget elementor-widget-slides\" data-id=\"b874636\" data-element_type=\"widget\" data-settings=\"{&quot;navigation&quot;:&quot;dots&quot;,&quot;autoplay&quot;:&quot;yes&quot;,&quot;pause_on_hover&quot;:&quot;yes&quot;,&quot;pause_on_interaction&quot;:&quot;yes&quot;,&quot;autoplay_speed&quot;:5000,&quot;infinite&quot;:&quot;yes&quot;,&quot;transition&quot;:&quot;slide&quot;,&quot;transition_speed&quot;:500}\" data-widget_type=\"slides.default\">\n\t\t\t\t\t\t\t\t\t\t<div class=\"elementor-slides-wrapper elementor-main-swiper swiper\" role=\"region\" aria-roledescription=\"carousel\" aria-label=\"Slides\" dir=\"ltr\" data-animation=\"fadeInUp\">\n\t\t\t\t<div class=\"swiper-wrapper elementor-slides\">\n\t\t\t\t\t\t\t\t\t\t<div class=\"elementor-repeater-item-452b5a6 swiper-slide\" role=\"group\" aria-roledescription=\"slide\"><div class=\"swiper-slide-bg\" role=\"img\" aria-label=\"ALQUILER DE ESPACIOS copia 2\"><\/div><div class=\"swiper-slide-inner\" ><div class=\"swiper-slide-contents\"><div class=\"elementor-slide-heading\"><span class=\"blur\">SUNGAYS<\/span><\/div><div class=\"elementor-slide-description\">Drag shows, DJ set, snacks and unlimited mimosas. One Sunday<br>Each month, everyone's little house, Bar Chiquita, lights up from<br>early with the SunGays, a delicious party<br>with a really spicy little patch.<\/div><\/div><\/div><\/div><div class=\"elementor-repeater-item-c56da91 swiper-slide\" role=\"group\" aria-roledescription=\"slide\"><div class=\"swiper-slide-bg\" role=\"img\" aria-label=\"KARAOKE\"><\/div><div class=\"swiper-slide-inner\" ><div class=\"swiper-slide-contents\"><div class=\"elementor-slide-heading\"><span class=\"blur\">KARAOKE<\/span><\/div><div class=\"elementor-slide-description\">You can sing at the top of your lungs the songs that move us.<br>sentimental or that brighten our lives.<\/div><\/div><\/div><\/div><div class=\"elementor-repeater-item-e72fd36 swiper-slide\" role=\"group\" aria-roledescription=\"slide\"><div class=\"swiper-slide-bg\" role=\"img\" aria-label=\"CUMPLEANOS\"><\/div><div class=\"swiper-slide-inner\" ><div class=\"swiper-slide-contents\"><div class=\"elementor-slide-heading\"><span class=\"blur\">BIRTHDAYS<\/span><\/div><div class=\"elementor-slide-description\">Celebrating a birthday is nice,<br>But celebrating my birthday with Chiquita is awesome!<\/div><\/div><\/div><\/div><div class=\"elementor-repeater-item-33aabeb swiper-slide\" role=\"group\" aria-roledescription=\"slide\"><div class=\"swiper-slide-bg\" role=\"img\" aria-label=\"DESPEDIDA DE SOLTERA\"><\/div><div class=\"swiper-slide-inner\" ><div class=\"swiper-slide-contents\"><div class=\"elementor-slide-heading\"><span class=\"blur\">BACHELORETTE PARTY<\/span><\/div><div class=\"elementor-slide-description\">Mor, we're not going to be the spinsters of the family. That's why we're telling you<br>Say goodbye to single life with Chiquita and this bachelorette party package<br>single and hot.<\/div><\/div><\/div><\/div><div class=\"elementor-repeater-item-0e66f6f swiper-slide\" role=\"group\" aria-roledescription=\"slide\"><div class=\"swiper-slide-bg\" role=\"img\" aria-label=\"HOT SHOW\"><\/div><div class=\"swiper-slide-inner\" ><div class=\"swiper-slide-contents\"><div class=\"elementor-slide-heading\"><span class=\"blur\">HOT SHOW VIP<\/span><\/div><div class=\"elementor-slide-description\">For those in the mood: I always get everything I want.<br>I see it and I want it, I want it and I have it!\n<br>*Exclusive to Chiquita Medell\u00edn*<\/div><\/div><\/div><\/div><div class=\"elementor-repeater-item-d07e0d0 swiper-slide\" role=\"group\" aria-roledescription=\"slide\"><div class=\"swiper-slide-bg\" role=\"img\" aria-label=\"SHOW DRAG\"><\/div><div class=\"swiper-slide-inner\" ><div class=\"swiper-slide-contents\"><div class=\"elementor-slide-heading\"><span class=\"blur\">SHOW DRAG<\/span><\/div><div class=\"elementor-slide-description\">Enjoy a unique show brought to you by<br>\nour artists and their talent.<\/div><\/div><\/div><\/div><div class=\"elementor-repeater-item-00062f7 swiper-slide\" role=\"group\" aria-roledescription=\"slide\"><div class=\"swiper-slide-bg\" role=\"img\" aria-label=\"POPPERREO\"><\/div><div class=\"swiper-slide-inner\" ><div class=\"swiper-slide-contents\"><div class=\"elementor-slide-heading\"><span class=\"blur\">POP PERREO<\/span><\/div><div class=\"elementor-slide-description\">Dance and enjoy the close twerking,<BR>pop hits and the most iconic music in the industry.<\/div><\/div><\/div><\/div><div class=\"elementor-repeater-item-3af9aba swiper-slide\" role=\"group\" aria-roledescription=\"slide\"><div class=\"swiper-slide-bg\" role=\"img\" aria-label=\"SALONROJO\"><\/div><div class=\"swiper-slide-inner\" ><div class=\"swiper-slide-contents\"><div class=\"elementor-slide-heading\"><span class=\"blur\">RED ROOM<\/span><\/div><div class=\"elementor-slide-description\">Want something a little spicier? The Red Room is one.<br> of our spaces, where the hot shows<br>They are the center of attention.<\/div><\/div><\/div><\/div>\t\t\t\t<\/div>\n\t\t\t\t\t\t\t\t\t\t\t\t\t\t\t\t\t\t\t\t<div class=\"swiper-pagination\"><\/div>\n\t\t\t\t\t\t\t\t\t\t\t\t<\/div>\n\t\t\t\t\t\t\t\t<\/div>\n\t\t\t\t<\/div>\n\t\t<div class=\"elementor-element elementor-element-41ccdef e-con-full elementor-hidden-desktop elementor-hidden-tablet e-flex e-con e-parent\" data-id=\"41ccdef\" data-element_type=\"container\">\n\t\t\t\t<div class=\"elementor-element elementor-element-ae720c8 elementor--v-position-bottom elementor--h-position-center elementor-pagination-position-inside elementor-widget elementor-widget-slides\" data-id=\"ae720c8\" data-element_type=\"widget\" data-settings=\"{&quot;navigation&quot;:&quot;dots&quot;,&quot;autoplay&quot;:&quot;yes&quot;,&quot;pause_on_hover&quot;:&quot;yes&quot;,&quot;pause_on_interaction&quot;:&quot;yes&quot;,&quot;autoplay_speed&quot;:5000,&quot;infinite&quot;:&quot;yes&quot;,&quot;transition&quot;:&quot;slide&quot;,&quot;transition_speed&quot;:500}\" data-widget_type=\"slides.default\">\n\t\t\t\t\t\t\t\t\t\t<div class=\"elementor-slides-wrapper elementor-main-swiper swiper\" role=\"region\" aria-roledescription=\"carousel\" aria-label=\"Slides\" dir=\"ltr\" data-animation=\"fadeInUp\">\n\t\t\t\t<div class=\"swiper-wrapper elementor-slides\">\n\t\t\t\t\t\t\t\t\t\t<div class=\"elementor-repeater-item-b3bbad6 swiper-slide\" role=\"group\" aria-roledescription=\"slide\"><div class=\"swiper-slide-bg\" role=\"img\" aria-label=\"ALQUILER DE ESPACIOS copia 2\"><\/div><div class=\"swiper-slide-inner\" ><div class=\"swiper-slide-contents\"><div class=\"elementor-slide-heading\"><span class=\"blur\">SUNGAYS<\/span><\/div><div class=\"elementor-slide-description\"><span class=\"text-blur\">Drag shows, DJ set, pasabocas y mimosas ilimitadas. Un domingo al mes, Bar Chiquita se enciende con los SunGays, una fiesta<br>deliciosa y vibrante.<\/span><\/div><\/div><\/div><\/div><div class=\"elementor-repeater-item-d357cb5 swiper-slide\" role=\"group\" aria-roledescription=\"slide\"><div class=\"swiper-slide-bg\" role=\"img\" aria-label=\"KARAOKE\"><\/div><div class=\"swiper-slide-inner\" ><div class=\"swiper-slide-contents\"><div class=\"elementor-slide-heading\"><span class=\"blur\">KARAOKE<\/span><\/div><div class=\"elementor-slide-description\">Puedes cantar a pulm\u00f3n herido los temas<br>que nos ponen sentimentales o que nos<br>alegran la vida.<\/div><\/div><\/div><\/div><div class=\"elementor-repeater-item-8324070 swiper-slide\" role=\"group\" aria-roledescription=\"slide\"><div class=\"swiper-slide-bg\" role=\"img\" aria-label=\"CUMPLEANOS\"><\/div><div class=\"swiper-slide-inner\" ><div class=\"swiper-slide-contents\"><div class=\"elementor-slide-heading\"><span class=\"blur\">BIRTHDAYS<\/span><\/div><div class=\"elementor-slide-description\">Celebrar el cumple es lindo, ipero celebrar el <br>cumple con Chiquita es una chimba!<\/div><\/div><\/div><\/div><div class=\"elementor-repeater-item-0626ca2 swiper-slide\" role=\"group\" aria-roledescription=\"slide\"><div class=\"swiper-slide-bg\" role=\"img\" aria-label=\"DESPEDIDA DE SOLTERA\"><\/div><div class=\"swiper-slide-inner\" ><div class=\"swiper-slide-contents\"><div class=\"elementor-slide-heading\"><span class=\"blur\">DESPEDIDA DE SOLTERA<\/span><\/div><div class=\"elementor-slide-description\">Mor, no vamos a ser las solteronas de la familia. Por eso le decimos adi\u00f3s a la solter\u00eda con Chiquita y este paquete de despedida de soltera<br>que est\u00e1 bombi.<\/div><\/div><\/div><\/div><div class=\"elementor-repeater-item-ed5477a swiper-slide\" role=\"group\" aria-roledescription=\"slide\"><div class=\"swiper-slide-bg\" role=\"img\" aria-label=\"HOT SHOW\"><\/div><div class=\"swiper-slide-inner\" ><div class=\"swiper-slide-contents\"><div class=\"elementor-slide-heading\"><span class=\"blur\">HOT SHOW<\/span><\/div><div class=\"elementor-slide-description\">Para los que van mood: Siempre consigo todo lo que quiero. Lo veo y lo quiero,<br>\u00a1Lo quiero y lo tengo!\n<br>*Exclusivo para Chiquita Medell\u00edn*<\/div><\/div><\/div><\/div><div class=\"elementor-repeater-item-059172e swiper-slide\" role=\"group\" aria-roledescription=\"slide\"><div class=\"swiper-slide-bg\" role=\"img\" aria-label=\"SHOW DRAG\"><\/div><div class=\"swiper-slide-inner\" ><div class=\"swiper-slide-contents\"><div class=\"elementor-slide-heading\"><span class=\"blur\">SHOW DRAG<\/span><\/div><div class=\"elementor-slide-description\">Disfruta de un shows \u00fanicos de la mano de<br>nuestrxs artistas y su talento.<\/div><\/div><\/div><\/div><div class=\"elementor-repeater-item-cfa18d0 swiper-slide\" role=\"group\" aria-roledescription=\"slide\"><div class=\"swiper-slide-bg\" role=\"img\" aria-label=\"POPPERREO\"><\/div><div class=\"swiper-slide-inner\" ><div class=\"swiper-slide-contents\"><div class=\"elementor-slide-heading\"><span class=\"blur\">POP PERREO<\/span><\/div><div class=\"elementor-slide-description\"><span class=\"text-blur\">Baila y disfruta del perreo apretadito,\n<br>los hits del pop y la musica mas<br>ic\u00f3nica de la industria.<\/span><\/div><\/div><\/div><\/div><div class=\"elementor-repeater-item-46f81d2 swiper-slide\" role=\"group\" aria-roledescription=\"slide\"><div class=\"swiper-slide-bg\" role=\"img\" aria-label=\"SALONROJO\"><\/div><div class=\"swiper-slide-inner\" ><div class=\"swiper-slide-contents\"><div class=\"elementor-slide-heading\"><span class=\"blur\">SALON ROJO<\/span><\/div><div class=\"elementor-slide-description\">\u00bfQuieres algo un poco mas picante? El sal\u00f3n rojo<br>es uno de nuestros espacios, donde los hot<br>show son el centro de atenci\u00f3n.<\/div><\/div><\/div><\/div>\t\t\t\t<\/div>\n\t\t\t\t\t\t\t\t\t\t\t\t\t\t\t\t\t\t\t\t<div class=\"swiper-pagination\"><\/div>\n\t\t\t\t\t\t\t\t\t\t\t\t<\/div>\n\t\t\t\t\t\t\t\t<\/div>\n\t\t\t\t<\/div>\n\t\t\t\t<\/div>\n\t\t","protected":false},"excerpt":{"rendered":"<p>SERVICES COCKTAIL BAR So you can taste it, baby Try us! SPACE RENTAL Baby, our spaces are full of color and sparkle. Chiquita gives you a different, diverse, and fun touch. EVENT AND SHOW PRODUCTION Organization of events and shows, from logistics to execution, with a creative and detailed approach for aunique experience for attendees [&hellip;]<\/p>\n","protected":false},"author":3,"featured_media":0,"parent":0,"menu_order":0,"comment_status":"closed","ping_status":"closed","template":"elementor_header_footer","meta":{"footnotes":""},"class_list":["post-12054","page","type-page","status-publish","hentry"],"aioseo_notices":[],"_links":{"self":[{"href":"https:\/\/www.barchiquita.com\/en\/wp-json\/wp\/v2\/pages\/12054","targetHints":{"allow":["GET"]}}],"collection":[{"href":"https:\/\/www.barchiquita.com\/en\/wp-json\/wp\/v2\/pages"}],"about":[{"href":"https:\/\/www.barchiquita.com\/en\/wp-json\/wp\/v2\/types\/page"}],"author":[{"embeddable":true,"href":"https:\/\/www.barchiquita.com\/en\/wp-json\/wp\/v2\/users\/3"}],"replies":[{"embeddable":true,"href":"https:\/\/www.barchiquita.com\/en\/wp-json\/wp\/v2\/comments?post=12054"}],"version-history":[{"count":0,"href":"https:\/\/www.barchiquita.com\/en\/wp-json\/wp\/v2\/pages\/12054\/revisions"}],"wp:attachment":[{"href":"https:\/\/www.barchiquita.com\/en\/wp-json\/wp\/v2\/media?parent=12054"}],"curies":[{"name":"wp","href":"https:\/\/api.w.org\/{rel}","templated":true}]}}